{"id":89,"date":"2018-01-24T15:27:55","date_gmt":"2018-01-24T15:27:55","guid":{"rendered":"http:\/\/themes.muffingroup.com\/be\/photography\/?page_id=2"},"modified":"2024-04-22T10:26:26","modified_gmt":"2024-04-22T08:26:26","slug":"home","status":"publish","type":"page","link":"https:\/\/lebonportrait.fr\/","title":{"rendered":"Home"},"content":{"rendered":"<p><img src=\"https:\/\/lebonportrait.fr\/media\/2018\/06\/Maquette-4-portraits-acting-800-light-.jpg\" alt=\"\" \/><br \/>\ncenter<br \/>\nhttps:\/\/lebonportrait.fr\/media\/2018\/06\/Maquette-4-portraits-acting-800-light-.jpg<\/p>\n<p>Line<\/p>\n<p>right<br \/>\nno-repeat;center top;;<br \/>\nauto<\/p>\n<p>70<br \/>\ndefault<\/p>\n<p>Heading + desc<\/p>\n<h2>Parce que vous \u00eates unique<\/h2>\n<p>\nno-repeat;center top;;<br \/>\nauto<\/p>\n<p>Line<\/p>\n<h3>Votre portrait, bien plus qu\u2019une photo,<\/p>\n<p>c\u2019est le reflet de votre \u00eatre&#8230;<\/h3>\n<p>Diff\u00e9renciez-vous, vous \u00eates unique !<\/p>\n<p>Soyez reconnu, illustrez votre notori\u00e9t\u00e9 !<\/p>\n<p>Affichez la coh\u00e9sion entre vous et votre \u00e9quipe !<\/p>\n<p>Valorisez votre image, ciblez votre client\u00e8le !<\/p>\n<p>\nUtiliser ce moyen de communication puissant est devenu essentiel.<\/p>\n<p>C\u2019est devenu essentiel d\u2019utiliser ce moyen de communication puissant.<\/p>\n<p>En effet, les images sont trait\u00e9es 60.000 fois plus vite qu\u2019un texte dans notre cerveau.<\/p>\n<p>Votre portrait vous repr\u00e9sente sur le net,<\/p>\n<p>Il transmet votre message au travers de votre regard et de votre posture !<\/p>\n<p>\nVotre portrait vous donne confiance et traduit vos valeurs,<\/p>\n<p>c\u2019est votre meilleur ambassadeur !!<br \/>\nno-repeat;center top;;<br \/>\nauto<\/p>\n<p><img src=\"https:\/\/lebonportrait.fr\/media\/2019\/07\/thumbnail_Maquette-4-portraits-new-.jpg\" alt=\"thumbnail_Maquette 4 portraits new\" \/><br \/>\ncenter<br \/>\nle bon portrait<\/p>\n<p><img src=\"https:\/\/lebonportrait.fr\/media\/2018\/06\/Maquette-4-portraits-NB-800-light-.jpg\" alt=\"\" \/><br \/>\ncenter<br \/>\nhttps:\/\/lebonportrait.fr\/media\/2018\/06\/Maquette-4-portraits-NB-800-light-.jpg<\/p>\n<p>70<br \/>\ndefault<\/p>\n<p>Heading + desc<\/p>\n<h2>Se r\u00e9v\u00e9ler en Noir &amp; Blanc<\/h2>\n<p>\nno-repeat;center top;;<br \/>\nauto<\/p>\n<p>70<br \/>\ndefault<\/p>\n<p>Heading + desc<\/p>\n<h2>Be yourself<\/h2>\n<p>\nright<br \/>\nno-repeat;center top;;<br \/>\nauto<\/p>\n<p><img src=\"https:\/\/lebonportrait.fr\/media\/2018\/06\/Maquette-4-portraits-tattoo-music-800-light-.jpg\" alt=\"\" \/><br \/>\ncenter<br \/>\nhttps:\/\/lebonportrait.fr\/media\/2018\/06\/Maquette-4-portraits-tattoo-music-800-light-.jpg<\/p>\n<p><img src=\"https:\/\/lebonportrait.fr\/media\/2019\/05\/Maquette-4-portraits-new-girls-.jpg\" alt=\"lebonportrait\" \/><br \/>\ncenter<br \/>\nhttps:\/\/lebonportrait.fr\/media\/2019\/05\/Maquette-4-portraits-new-girls-.jpg<\/p>\n<p>70<br \/>\ndefault<\/p>\n<p>Heading + desc<\/p>\n<h2>Vous donner confiance<\/h2>\n<p>\nno-repeat;center top;;<br \/>\nauto<\/p>\n<p>70<br \/>\ndefault<\/p>\n<p>Heading + desc<\/p>\n<h2>Un certain regard<\/h2>\n<p>\nright<br \/>\nno-repeat;center top;;<br \/>\nauto<\/p>\n<p><img src=\"https:\/\/lebonportrait.fr\/media\/2018\/07\/Maquette-4-portraits-Douceur-ok-.jpg\" alt=\"\" \/><br \/>\ncenter<br \/>\nhttps:\/\/lebonportrait.fr\/media\/2018\/07\/Maquette-4-portraits-Douceur-ok-.jpg<\/p>\n<p>Heading + desc<\/p>\n<h3>Qui suis je ?<\/h3>\n<p>&nbsp;<\/p>\n<h4>Hello,<\/p>\n<p>je suis Shoky van der Horst, photographe et coach.<\/h4>\n<p>\nJ\u2019accompagne mes clients \u00e0 prendre conscience de leur image et \u00e0 amplifier leur charisme .<\/p>\n<p>\nRiche de mes 25 ann\u00e9es d\u2019exp\u00e9rience dans le monde de l\u2019image et de la mode, avant d\u2019\u00eatre photographe, j\u2019\u00e9tais r\u00e9dactrice de mode et mannequin.<\/p>\n<p>J\u2019ai d\u00e9velopp\u00e9 une m\u00e9thode de shooting bas\u00e9e sur le dialogue, l\u2019\u00e9nergie et la connexion intuitive entre le sujet et le photographe.<\/p>\n<p>Depuis 3 ans j\u2019applique ces connaissances \u00e0 la photographie du portrait avec des r\u00e9sultats si incroyables que j\u2019en ai fait une m\u00e9thode de coaching.<\/p>\n<p>S\u2019offrir un shooting de portrait avec moi c\u2019est la garantie d\u2019une s\u00e9ance photo unique et la promesse d\u2019une rencontre humaine riche.<\/p>\n<p>Ma proposition de valeur : mettre en lumi\u00e8re le meilleur en vous et vous donner confiance !<\/p>\n<p>Mon expertise consiste \u00e0 faire ressortir, \u00e0 travers votre portrait, votre unicit\u00e9 et \u00e0 faire briller votre talent !<\/p>\n<p>D\u00e9celer et d\u00e9voiler les diff\u00e9rentes composantes de votre personnalit\u00e9 fait partie int\u00e9grante de mon processus de travail et c\u2019est la raison pour laquelle je d\u00e9die une part importante de la s\u00e9ance au coaching.<\/p>\n<p>J\u2019ai cr\u00e9\u00e9 le programme \u201cPortrait &amp; Coaching\u201d pour ceux et celles qui ressentent l\u2019envie et le besoin d\u2019aller plus loin dans cette d\u00e9marche<\/p>\n<p>et r\u00e9aliser de v\u00e9ritables transformations aussi bien dans leur vie personnelle que professionnelle.<\/p>\n<p>Vous souhaitez \u00e9galement d\u00e9couvrir et montrer qui vous \u00eates \u00e0 travers un shooting de portrait ?<\/p>\n<p>Ou transcender votre \u00eatre gr\u00e2ce \u00e0 mon programme de coaching sur mesure ?<\/p>\n<p>Pour cela, je vous propose une \u00e9change t\u00e9l\u00e9phonique d\u00e9couverte :<\/p>\n<p><a class=\"button  button_size_2\" href=\"\"    ><span class=\"button_label\">Button<\/span><\/a>\n<br \/>\njustify<br \/>\nno-repeat;center top;;<br \/>\nauto<\/p>\n<p>default<\/p>\n<p><img src=\"https:\/\/lebonportrait.fr\/media\/2019\/08\/Shoky-van-der-Horst-le-bon-portrait.png\" alt=\"Shoky van der Horst le bon portrait\" \/><\/p>\n<p>60<br \/>\ndefault<\/p>\n<p><img src=\"https:\/\/lebonportrait.fr\/media\/2018\/07\/Maquette-4-pics-shooting-1.jpg\" alt=\"\" \/><br \/>\ncenter<br \/>\nhttps:\/\/lebonportrait.fr\/media\/2018\/07\/Maquette-4-pics-shooting-1.jpg<\/p>\n<p>Heading + desc<\/p>\n<h3>Un Portrait qui vous ressemble<\/h3>\n<p>\nQue vous soyez dirigeant(e) et leader ou ind\u00e9pendant(e), votre image doit refl\u00e9ter vos valeurs et vos ambitions.<\/p>\n<p>\n<\/p>\n<h4>Prise de contact et d\u00e9couverte<\/h4>\n<p>\nLors d\u2019un premier rendez-vous, nous faisons connaissance et \u00e9changeons sur vos objectifs ainsi que le message que vous souhaitez transmettre \u00e0 travers vos nouveaux portraits.<\/p>\n<h4>\u00c0 l\u2019aise ou novice devant l\u2019objectif ?<\/h4>\n<p>\nZ\u00e9ro stress ! Gr\u00e2ce \u00e0 ma m\u00e9thode unique permettant \u00e0 tout le monde<\/p>\n<p>de se sentir en confiance, vous serez vraiment naturel et d\u00e9tendu pendant la s\u00e9ance photo \ud83d\ude42<\/p>\n<h4>C\u2019est un rendez-vous avec vous !<\/h4>\n<p>\nPlus qu\u2019un shooting, une exp\u00e9rience<\/p>\n<p>Mes clients me confient souvent que la s\u00e9ance les a boost\u00e9s, leur a donn\u00e9<\/p>\n<p>confiance, qu\u2019ils se sont reconnect\u00e9s avec eux-m\u00eames et leurs objectifs.. <br \/>\nleft<br \/>\nno-repeat;center top;;<br \/>\nauto<\/p>\n<h3>Ils m\\&#8217;ont fait confiance!<\/h3>\n<hr class=\"no_line\" style=\"margin: 0 auto 0px auto\"\/>\n\n<h4>Nicolas Brian\u00e7on &#8211; Olivier Lapidus &#8211; Fabien Provost &#8211; Kilian Hennessy &#8211; Pierre Niney &#8211; Elodie Navarre &#8211; Ari Abittan&#8230;<\/h4>\n<p>&nbsp;<\/p>\n<h4>&gt;&gt;&gt; Voir tous les t\u00e9moignages<\/h4>\n<p>\nno-repeat;left top;;<br \/>\nauto<\/p>\n<p><img src=\"https:\/\/lebonportrait.fr\/media\/2018\/06\/temoignage-Elodie.jpg\" alt=\"\" \/><br \/>\n150<br \/>\n150<br \/>\ncenter<\/p>\n<p><img src=\"https:\/\/lebonportrait.fr\/media\/2018\/06\/temoignange-Marc-NY.jpg\" alt=\"\" \/><br \/>\n150<br \/>\n150<br \/>\ncenter<\/p>\n<p><img src=\"https:\/\/lebonportrait.fr\/media\/2019\/05\/Jean-marc-Delaire-Lebonportrait.jpg\" alt=\"Jean marc Delaire Lebonportrait\" \/><br \/>\n150<br \/>\n150<br \/>\ncenter<\/p>\n<p><img src=\"https:\/\/lebonportrait.fr\/media\/2018\/12\/thumbnail_Mu-Chamarande3492-Final-site-ok-.jpg\" alt=\"thumbnail_Mu-Chamarande3492-Final-site ok\" \/><br \/>\n150<br \/>\n150<br \/>\ncenter<\/p>\n<p>J\u2019avais besoin d\u2019un nouveau portrait en phase avec mes nouvelles missions, Shoky a su m\u2019accompagner dans cette d\u00e9marche, le r\u00e9sultat est l\u00e0 ! <br \/>\nElodie LOINGM\u00e9diateur des entreprises<\/p>\n<p>Shoky a un don, plusieurs m\u00eame. Son \u0153il n\u2019a d\u2019\u00e9gal que sa douceur pour laisser la lumi\u00e8re de votre \u00e2me oser illuminer votre regard.<br \/>\nMarc@NYDesigner<\/p>\n<p>Shoky dispose, en plus de son professionnalisme \u00e9vident, d\u2019une grande qualit\u00e9 d\u2019\u00e9coute, de compr\u00e9hension et d\u2019adaptation \u00e0 son \u00ab sujet \u00bb. Son dynamisme et son appr\u00e9ciable constante bonne humeur, permettent de se sentir \u00e0 l\u2019aise. <br \/>\nJean-Marc Delaire Conseil en strat\u00e9gie d\u2019entreprise<\/p>\n<p>Une exp\u00e9rience \u00e0 vivre, une d\u00e9couverte de soi, Shoky a su mesurer mes enjeux professionnels pour adapter une posture juste ! Merci Shoky !<br \/>\nMurielle Chamarande Fondatrice du Village des Experts<\/p>\n<p>40<br \/>\ndefault<\/p>\n<h4>Votre portrait, c\u2019est le reflet de votre \u00ab \u00eatre \u00bb<\/p>\n<p>L\u2019expression de vos valeurs et de votre personnalit\u00e9, transmit au premier regard,<\/p>\n<p>gr\u00e2ce \u00e0 votre portrait.<\/h4>\n<p>\nicon<\/p>\n<p>40<br \/>\ndefault<\/p>\n<p><img src=\"https:\/\/lebonportrait.fr\/media\/2020\/11\/LBO_LogF2-noir-LBP-light-.jpg\" alt=\"LBO_LogF2 noir LBP light\" \/><br \/>\nS\u00e9ance Photo-Coaching \/ Portrait Professionnel<br \/>\n875<br \/>\n\u20ac HT (tva 10%)<br \/>\nright<br \/>\n\u00ab Je vous accompagne pour faire sortir le meilleur en vous ! \u00bb <br \/>\nPrise de vue sur-mesure<\/p>\n<p>Dans mon studio<\/p>\n<p>\nForfait de 4 photos retouch\u00e9es et optimis\u00e9es<\/p>\n<p>A partir d\u2019une pr\u00e9s\u00e9lection d\u2019une trentaine de clich\u00e9s<\/p>\n<p>B\u00e9n\u00e9ficiez du conseil personnalis\u00e9 en style &amp; tenue vestimentaire,<\/p>\n<p>en maquillage &amp; coiffure<\/p>\n<p>Pr\u00e9voir deux heures sur place<\/p>\n<p>* Photo suppl\u00e9mentaire 75 ht<\/p>\n<h5>Personnalisation de l\\&#8217;offre sur demande<\/h5>\n<p>\nbox<\/p>\n<p><img src=\"https:\/\/lebonportrait.fr\/media\/2020\/11\/LCS-Noir-.png\" alt=\"LCS Noir\" \/><br \/>\nOsez votre puissance unique !<br \/>\n\u00ab Focus sur ce que vous voulez et non plus sur ce que vous ne voulez pas ! \u00bb<br \/>\nL\u2019exp\u00e9rience du photo-coaching continue apr\u00e8s la prise de vue&#8230; !\u00bb <br \/>\nAcc\u00e9l\u00e9rer votre d\u00e9veloppement personnel et professionnel.<\/p>\n<p>Acc\u00e9dez \u00e0 votre puissance illimit\u00e9e et vos talents uniques<\/p>\n<p>D\u00e9veloppez une communication authentique attirant les clients naturellement &#8230;<\/p>\n<p>\n<\/p>\n<h3>Programmes sur mesure :<\/h3>\n<p>Flash: S\u00e9ance Photo-coaching + 3 s\u00e9ances Coaching<\/p>\n<p>Transformation Puissance Unique : S\u00e9ance Photo-coaching + 3 mois suivi \/ Coaching <br \/>\nbox<\/p>\n<p><img src=\"https:\/\/lebonportrait.fr\/media\/2020\/11\/LBO_LogF2-noir-LBP-light-.jpg\" alt=\"LBO_LogF2 noir LBP light\" \/><br \/>\nEntreprises<br \/>\nright<br \/>\n\u00ab Je mets en image la coh\u00e9sion de votre \u00e9quipe\u00bb <br \/>\nPortraits Personnalis\u00e9es<\/p>\n<p>M\u00e9thode Portrait Exp\u00e9rience<\/p>\n<p>\nCEO \/ groupe \/ individuels<\/p>\n<p>Pour des prises de vues in situ<\/p>\n<p>Je me d\u00e9place avec mon Studio mobile<\/p>\n<p>Tarifs sur devis<\/p>\n<p>\u00ab Partagez les valeurs de votre entreprise ! \u00bb<\/p>\n<p>\nContactez-moi pour me faire part de vos projets !<br \/>\nbox<\/p>\n<p><br \/>\nno-repeat;left top;;<br \/>\nauto<\/p>\n","protected":false},"excerpt":{"rendered":"<p>center https:\/\/lebonportrait.fr\/media\/2018\/06\/Maquette-4-portraits-acting-800-light-.jpg Line right no-repeat;center top;; auto 70 default Heading + desc Parce que vous \u00eates unique no-repeat;center top;; auto Line Votre portrait, bien plus qu\u2019une<span class=\"excerpt-hellip\"> [\u2026]<\/span><\/p>\n","protected":false},"author":1,"featured_media":0,"parent":0,"menu_order":0,"comment_status":"closed","ping_status":"open","template":"","meta":[],"yst_prominent_words":[15,74,71,4,79,78,80,81,5,83,75,70,14,41,77,82,73,72,76,10],"_links":{"self":[{"href":"https:\/\/lebonportrait.fr\/index.php\/wp-json\/wp\/v2\/pages\/89"}],"collection":[{"href":"https:\/\/lebonportrait.fr\/index.php\/wp-json\/wp\/v2\/pages"}],"about":[{"href":"https:\/\/lebonportrait.fr\/index.php\/wp-json\/wp\/v2\/types\/page"}],"author":[{"embeddable":true,"href":"https:\/\/lebonportrait.fr\/index.php\/wp-json\/wp\/v2\/users\/1"}],"replies":[{"embeddable":true,"href":"https:\/\/lebonportrait.fr\/index.php\/wp-json\/wp\/v2\/comments?post=89"}],"version-history":[{"count":18,"href":"https:\/\/lebonportrait.fr\/index.php\/wp-json\/wp\/v2\/pages\/89\/revisions"}],"predecessor-version":[{"id":394,"href":"https:\/\/lebonportrait.fr\/index.php\/wp-json\/wp\/v2\/pages\/89\/revisions\/394"}],"wp:attachment":[{"href":"https:\/\/lebonportrait.fr\/index.php\/wp-json\/wp\/v2\/media?parent=89"}],"wp:term":[{"taxonomy":"yst_prominent_words","embeddable":true,"href":"https:\/\/lebonportrait.fr\/index.php\/wp-json\/wp\/v2\/yst_prominent_words?post=89"}],"curies":[{"name":"wp","href":"https:\/\/api.w.org\/{rel}","templated":true}]}}